{"id":1428,"date":"2024-04-18T17:29:17","date_gmt":"2024-04-18T15:29:17","guid":{"rendered":"https:\/\/castellbadi.digitalofthings.dev\/castell-de-vallgornera\/"},"modified":"2024-06-04T17:12:14","modified_gmt":"2024-06-04T15:12:14","slug":"castillo-de-vallgornera","status":"publish","type":"page","link":"https:\/\/castelldevallgornera.com\/fr\/","title":{"rendered":"Castell de Vallgornera"},"content":{"rendered":"<div class=\"hfy-wrap hfy-theme1 \"><script>var hfyltm=2;<\/script><div class=\"search-pin\">\n    <div class=\"hfy-search-form-wrap search-wrap\">\n\n        <form class=\"calendar-container\" action=\"https:\/\/castelldevallgornera.com\/fr\/reservas\/?\" method=\"get\" id=\"formBooking\" target=\"_top\">\n           \n            <input class=\"left-rounded\" data-calendar='{\"type\":\"search\"}' placeholder=\"Dates\" type=\"text\" id=\"in_out_date\" value=\"\" \/>\n           \n            \n            \n            <div>\n                <input type=\"hidden\" name=\"start_date\" value=\"\"\/>\n            <\/div>\n            <div class=\"between-input\"><\/div>\n            <div>\n                <input type=\"hidden\" name=\"end_date\" value=\"\"\/>\n            <\/div>\n            <select name=\"guests\" id=\"\" value=\"2\">\n                <option  value=\"1\">1 H\u00f4te<\/option>\n                <option selected value=\"2\">2 H\u00f4tes<\/option>\n            <\/select>\n            \n            <div class=\"between-input\"><\/div>\n            <!--\n            <input autocomplete=\"off\" type=\"text\" placeholder=\"Code de r\u00e9duction\" name=\"discount_code\" value=\"\"\/>\n            <div class=\"between-input\"><\/div>\n            -->\n            <div class=\"hidden_calendar\">                       \n                \n<div class=\"section_wrapper calendar_section\"  >\n    <div class=\"content_wrapper calendar_wrapper\">\n        <div class=\"pre-calendar\">\n            CHOISISSEZ VOTRE S\u00c9JOUR        <\/div>\n        <div class=\"calendar_app\"><\/div>\n        <div class=\"feedback-and-clear\">\n            <div data-errormin=\"Pendant cette p\u00e9riode, la dur\u00e9e minimale de s\u00e9jour est de 2 nuits\" data-errormax=\"En raison d'une extension des espaces et commodit\u00e9s pour nos clients et amis, le Castell de Vallgornera sera ferm\u00e9 du <b>26\/01\/2025<\/b> au <b>27\/03\/2025<\/b>.\" class=\"feedback_calendar\"><\/div>\n        <\/div>\n        <div class=\"calendar-output\">\n            <div class=\"cta-wrapper\">\n                <div class=\"apply-wrapper\">\n                                            <button type=\"button\" class=\"button submit_button\" data-disabled=\"true\">\n                            <span class=\"copy\">S\u00e9lectionner<\/span>\n                            <span class=\"spinner\"><\/span>\n                        <\/button>\n                                    <\/div>\n            <\/div>\n        <\/div>\n    <\/div>\n<\/div>            <\/div>    \n\n            <div>\n                <button class=\"button disabled\" type=\"submit\">\n                    <span class=\"copy\">Buscar<\/span>\n                    <span class=\"spinner\"><\/span>\n                <\/button>\n            <\/div>\n\n        <\/form>\n\n    <\/div>\n<\/div><\/div>\n","protected":false},"excerpt":{"rendered":"","protected":false},"author":1,"featured_media":0,"parent":0,"menu_order":0,"comment_status":"closed","ping_status":"closed","template":"template-dynamic.php","meta":{"footnotes":""},"acf":[],"yoast_head":"<!-- This site is optimized with the Yoast SEO plugin v22.7 - https:\/\/yoast.com\/wordpress\/plugins\/seo\/ -->\n<title>Castell de Vallgornera &#8226; Castell de Vallgornera<\/title>\n<meta name=\"robots\" content=\"index, follow, max-snippet:-1, max-image-preview:large, max-video-preview:-1\" \/>\n<link rel=\"canonical\" href=\"https:\/\/castelldevallgornera.com\/fr\/\" \/>\n<meta property=\"og:locale\" content=\"fr_FR\" \/>\n<meta property=\"og:type\" content=\"article\" \/>\n<meta property=\"og:title\" content=\"Castell de Vallgornera &#8226; Castell de Vallgornera\" \/>\n<meta property=\"og:url\" content=\"https:\/\/castelldevallgornera.com\/fr\/\" \/>\n<meta property=\"og:site_name\" content=\"Castell de Vallgornera\" \/>\n<meta property=\"article:modified_time\" content=\"2024-06-04T15:12:14+00:00\" \/>\n<meta property=\"og:image\" content=\"https:\/\/castelldevallgornera.com\/wp-content\/uploads\/2024\/05\/castell-de-vallgornera-peralada-1.jpg\" \/>\n\t<meta property=\"og:image:width\" content=\"1200\" \/>\n\t<meta property=\"og:image:height\" content=\"675\" \/>\n\t<meta property=\"og:image:type\" content=\"image\/jpeg\" \/>\n<meta name=\"twitter:card\" content=\"summary_large_image\" \/>\n<meta name=\"twitter:label1\" content=\"Dur\u00e9e de lecture estim\u00e9e\" \/>\n\t<meta name=\"twitter:data1\" content=\"1 minute\" \/>\n<script type=\"application\/ld+json\" class=\"yoast-schema-graph\">{\"@context\":\"https:\/\/schema.org\",\"@graph\":[{\"@type\":\"WebPage\",\"@id\":\"https:\/\/castelldevallgornera.com\/fr\/\",\"url\":\"https:\/\/castelldevallgornera.com\/fr\/\",\"name\":\"Castell de Vallgornera &#8226; Castell de Vallgornera\",\"isPartOf\":{\"@id\":\"https:\/\/castelldevallgornera.com\/fr\/#website\"},\"datePublished\":\"2024-04-18T15:29:17+00:00\",\"dateModified\":\"2024-06-04T15:12:14+00:00\",\"breadcrumb\":{\"@id\":\"https:\/\/castelldevallgornera.com\/fr\/#breadcrumb\"},\"inLanguage\":\"fr-FR\",\"potentialAction\":[{\"@type\":\"ReadAction\",\"target\":[\"https:\/\/castelldevallgornera.com\/fr\/\"]}]},{\"@type\":\"BreadcrumbList\",\"@id\":\"https:\/\/castelldevallgornera.com\/fr\/#breadcrumb\",\"itemListElement\":[{\"@type\":\"ListItem\",\"position\":1,\"name\":\"Home\",\"item\":\"https:\/\/castelldevallgornera.com\/fr\/\"},{\"@type\":\"ListItem\",\"position\":2,\"name\":\"Castell de Vallgornera\"}]},{\"@type\":\"WebSite\",\"@id\":\"https:\/\/castelldevallgornera.com\/fr\/#website\",\"url\":\"https:\/\/castelldevallgornera.com\/fr\/\",\"name\":\"Castell de Vallgornera\",\"description\":\"Hotel \u00b7 Peralada\",\"potentialAction\":[{\"@type\":\"SearchAction\",\"target\":{\"@type\":\"EntryPoint\",\"urlTemplate\":\"https:\/\/castelldevallgornera.com\/fr\/?s={search_term_string}\"},\"query-input\":\"required name=search_term_string\"}],\"inLanguage\":\"fr-FR\"}]}<\/script>\n<!-- \/ Yoast SEO plugin. -->","yoast_head_json":{"title":"Castell de Vallgornera &#8226; Castell de Vallgornera","robots":{"index":"index","follow":"follow","max-snippet":"max-snippet:-1","max-image-preview":"max-image-preview:large","max-video-preview":"max-video-preview:-1"},"canonical":"https:\/\/castelldevallgornera.com\/fr\/","og_locale":"fr_FR","og_type":"article","og_title":"Castell de Vallgornera &#8226; Castell de Vallgornera","og_url":"https:\/\/castelldevallgornera.com\/fr\/","og_site_name":"Castell de Vallgornera","article_modified_time":"2024-06-04T15:12:14+00:00","og_image":[{"width":1200,"height":675,"url":"https:\/\/castelldevallgornera.com\/wp-content\/uploads\/2024\/05\/castell-de-vallgornera-peralada-1.jpg","type":"image\/jpeg"}],"twitter_card":"summary_large_image","twitter_misc":{"Dur\u00e9e de lecture estim\u00e9e":"1 minute"},"schema":{"@context":"https:\/\/schema.org","@graph":[{"@type":"WebPage","@id":"https:\/\/castelldevallgornera.com\/fr\/","url":"https:\/\/castelldevallgornera.com\/fr\/","name":"Castell de Vallgornera &#8226; Castell de Vallgornera","isPartOf":{"@id":"https:\/\/castelldevallgornera.com\/fr\/#website"},"datePublished":"2024-04-18T15:29:17+00:00","dateModified":"2024-06-04T15:12:14+00:00","breadcrumb":{"@id":"https:\/\/castelldevallgornera.com\/fr\/#breadcrumb"},"inLanguage":"fr-FR","potentialAction":[{"@type":"ReadAction","target":["https:\/\/castelldevallgornera.com\/fr\/"]}]},{"@type":"BreadcrumbList","@id":"https:\/\/castelldevallgornera.com\/fr\/#breadcrumb","itemListElement":[{"@type":"ListItem","position":1,"name":"Home","item":"https:\/\/castelldevallgornera.com\/fr\/"},{"@type":"ListItem","position":2,"name":"Castell de Vallgornera"}]},{"@type":"WebSite","@id":"https:\/\/castelldevallgornera.com\/fr\/#website","url":"https:\/\/castelldevallgornera.com\/fr\/","name":"Castell de Vallgornera","description":"Hotel \u00b7 Peralada","potentialAction":[{"@type":"SearchAction","target":{"@type":"EntryPoint","urlTemplate":"https:\/\/castelldevallgornera.com\/fr\/?s={search_term_string}"},"query-input":"required name=search_term_string"}],"inLanguage":"fr-FR"}]}},"_links":{"self":[{"href":"https:\/\/castelldevallgornera.com\/fr\/wp-json\/wp\/v2\/pages\/1428"}],"collection":[{"href":"https:\/\/castelldevallgornera.com\/fr\/wp-json\/wp\/v2\/pages"}],"about":[{"href":"https:\/\/castelldevallgornera.com\/fr\/wp-json\/wp\/v2\/types\/page"}],"author":[{"embeddable":true,"href":"https:\/\/castelldevallgornera.com\/fr\/wp-json\/wp\/v2\/users\/1"}],"replies":[{"embeddable":true,"href":"https:\/\/castelldevallgornera.com\/fr\/wp-json\/wp\/v2\/comments?post=1428"}],"version-history":[{"count":5,"href":"https:\/\/castelldevallgornera.com\/fr\/wp-json\/wp\/v2\/pages\/1428\/revisions"}],"predecessor-version":[{"id":1595,"href":"https:\/\/castelldevallgornera.com\/fr\/wp-json\/wp\/v2\/pages\/1428\/revisions\/1595"}],"wp:attachment":[{"href":"https:\/\/castelldevallgornera.com\/fr\/wp-json\/wp\/v2\/media?parent=1428"}],"curies":[{"name":"wp","href":"https:\/\/api.w.org\/{rel}","templated":true}]}}